{"id":5441,"date":"2015-10-02T15:30:03","date_gmt":"2015-10-02T13:30:03","guid":{"rendered":"https:\/\/trip2prosecco.com\/tour\/"},"modified":"2023-12-06T09:15:13","modified_gmt":"2023-12-06T08:15:13","slug":"tour","status":"publish","type":"page","link":"https:\/\/trip2prosecco.com\/de\/tour\/","title":{"rendered":"Tour"},"content":{"rendered":"<p>[et_pb_section fb_built=&#8220;1&#8243; _builder_version=&#8220;4.16&#8243; global_colors_info=&#8220;{}&#8220;][et_pb_row _builder_version=&#8220;4.16&#8243; locked=&#8220;off&#8220; global_colors_info=&#8220;{}&#8220;][et_pb_column type=&#8220;4_4&#8243; _builder_version=&#8220;4.16&#8243; global_colors_info=&#8220;{}&#8220;][et_pb_post_title meta=&#8220;off&#8220; featured_image=&#8220;off&#8220; _builder_version=&#8220;4.16&#8243; title_font=&#8220;|||on|||||&#8220; title_font_size=&#8220;40px&#8220; text_orientation=&#8220;center&#8220; custom_margin=&#8220;||10px||false|false&#8220; custom_padding=&#8220;||||false|false&#8220; global_colors_info=&#8220;{}&#8220;][\/et_pb_post_title][et_pb_divider color=&#8220;rgba(0,0,0,0.1)&#8220; divider_weight=&#8220;1px&#8220; _builder_version=&#8220;4.16&#8243; width=&#8220;43%&#8220; module_alignment=&#8220;center&#8220; custom_margin=&#8220;0px||0px||false|false&#8220; custom_padding=&#8220;0px||0px||false|false&#8220; global_colors_info=&#8220;{}&#8220;][\/et_pb_divider][et_pb_text _builder_version=&#8220;4.20.2&#8243; text_font=&#8220;|300|||||||&#8220; header_3_font=&#8220;|||on|||||&#8220; header_3_text_align=&#8220;center&#8220; header_3_line_height=&#8220;1.3em&#8220; text_orientation=&#8220;center&#8220; custom_margin=&#8220;||30px||false|false&#8220; global_colors_info=&#8220;{}&#8220;]<\/p>\n<p>Und was gibt es Besseres, als eine Region mit jemandem zu besichtigen, wie zum Beispiel\u00a0 mit einer <strong>Reiseleiterin,<\/strong> die euch herzlich empf\u00e4ngt und euch die Gegend zeigt, wie sie sie kennt? Jemand, der\u00a0 vor Ort ist und st\u00e4ndig auf dem Laufenden ist, um eure Neugierde zu stillen?<\/p>\n<p>Reisef\u00fchrerapps, Stadtpl\u00e4ne, keine Probleme beim Zurechtfinden&#8230; vergesst es! Verlasst euch auf eine gepr\u00fcfte Reiseleiterin, die die Umgebung st\u00e4ndig erlebt! Es wird nicht nur einfach ein Urlaub, sondern ein echtes <strong>Erlebnis<\/strong>!<\/p>\n<p>Hier sind einige Vorschl\u00e4ge sowohl f\u00fcr kleine Gruppen als auch f\u00fcr Privatreisende wie Paare, Famielien, Cliquen, Arbeitskollegen usw.<\/p>\n<p>F\u00fcr einen ganzen Tag, oder stundenweise, ein Wochende: Das ist es egal! Ich bin 7\/7 erreichbar!<\/p>\n<p>&nbsp;<\/p>\n<p>[\/et_pb_text][\/et_pb_column][\/et_pb_row][et_pb_row use_custom_gutter=&#8220;on&#8220; gutter_width=&#8220;2&#8243; make_equal=&#8220;on&#8220; disabled_on=&#8220;on|on|on&#8220; _builder_version=&#8220;4.16&#8243; width=&#8220;90%&#8220; disabled=&#8220;on&#8220; global_colors_info=&#8220;{}&#8220;][et_pb_column type=&#8220;4_4&#8243; _builder_version=&#8220;4.16&#8243; global_colors_info=&#8220;{}&#8220;][et_pb_blog fullwidth=&#8220;off&#8220; include_categories=&#8220;6&#8243; show_author=&#8220;off&#8220; show_date=&#8220;off&#8220; show_categories=&#8220;off&#8220; show_pagination=&#8220;off&#8220; admin_label=&#8220;Lista Tours&#8220; _builder_version=&#8220;4.16&#8243; header_level=&#8220;h3&#8243; header_font=&#8220;|600||on|||||&#8220; header_text_align=&#8220;center&#8220; header_font_size=&#8220;16px&#8220; header_letter_spacing=&#8220;1px&#8220; global_colors_info=&#8220;{}&#8220;][\/et_pb_blog][\/et_pb_column][\/et_pb_row][et_pb_row _builder_version=&#8220;4.20.1&#8243; _module_preset=&#8220;default&#8220; locked=&#8220;off&#8220; global_colors_info=&#8220;{}&#8220;][et_pb_column type=&#8220;4_4&#8243; _builder_version=&#8220;4.20.1&#8243; _module_preset=&#8220;default&#8220; global_colors_info=&#8220;{}&#8220;][et_pb_blog fullwidth=&#8220;off&#8220; posts_number=&#8220;100&#8243; include_categories=&#8220;6&#8243; use_manual_excerpt=&#8220;off&#8220; excerpt_length=&#8220;0&#8243; show_author=&#8220;off&#8220; show_date=&#8220;off&#8220; show_categories=&#8220;off&#8220; show_pagination=&#8220;off&#8220; module_class=&#8220;tour-home-blog&#8220; _builder_version=&#8220;4.20.1&#8243; _module_preset=&#8220;default&#8220; header_level=&#8220;h4&#8243; header_font=&#8220;|||on|||||&#8220; header_text_align=&#8220;center&#8220; header_text_color=&#8220;#FFFFFF&#8220; header_font_size=&#8220;24px&#8220; custom_css_title=&#8220;position: absolute;||top: 50%;||left: 20px;||right: 20px;||transform: translateY(-50%);&#8220; custom_css_featured_image=&#8220;margin: 0;&#8220; header_text_shadow_style=&#8220;preset3&#8243; global_colors_info=&#8220;{}&#8220;][\/et_pb_blog][\/et_pb_column][\/et_pb_row][\/et_pb_section][et_pb_section fb_built=&#8220;1&#8243; admin_label=&#8220;footer pagine &#8211; DE&#8220; _builder_version=&#8220;4.16&#8243; background_color=&#8220;rgba(0,0,0,0.7)&#8220; custom_margin=&#8220;80px||0px||false|false&#8220; custom_padding=&#8220;10px||0px||false|false&#8220; global_module=&#8220;2071&#8243; saved_tabs=&#8220;all&#8220; collapsed=&#8220;off&#8220; global_colors_info=&#8220;{}&#8220;][et_pb_row column_structure=&#8220;2_5,3_5&#8243; _builder_version=&#8220;4.16&#8243; global_colors_info=&#8220;{}&#8220;][et_pb_column type=&#8220;2_5&#8243; _builder_version=&#8220;4.16&#8243; global_colors_info=&#8220;{}&#8220;][et_pb_text _builder_version=&#8220;4.20.2&#8243; header_font=&#8220;|||on|||||&#8220; header_font_size=&#8220;32px&#8220; background_layout=&#8220;dark&#8220; global_colors_info=&#8220;{}&#8220;]<\/p>\n<h1>ANFRAGE<\/h1>\n<p>[\/et_pb_text][et_pb_text _builder_version=&#8220;4.20.2&#8243; text_font=&#8220;Montserrat||||||||&#8220; text_font_size=&#8220;16px&#8220; link_font_size=&#8220;13px&#8220; header_4_font=&#8220;|||on|||||&#8220; header_4_text_color=&#8220;rgba(255,255,255,0.6)&#8220; header_4_font_size=&#8220;10px&#8220; background_layout=&#8220;dark&#8220; custom_margin=&#8220;||50px||false|false&#8220; global_colors_info=&#8220;{}&#8220;]<\/p>\n<table class=\"recapiti\">\n<tbody>\n<tr>\n<th rowspan=\"2\"><i class=\"fa fa-2x fa-fw fa-phone-square-alt\"><\/i><\/th>\n<td>\n<h4>Telefon<\/h4>\n<\/td>\n<\/tr>\n<tr>\n<td><a href=\"tel:+393479927446\">+39 347 992 7446<\/a><\/td>\n<\/tr>\n<\/tbody>\n<\/table>\n<p>[\/et_pb_text][et_pb_text _builder_version=&#8220;4.20.2&#8243; text_font=&#8220;Montserrat||||||||&#8220; text_font_size=&#8220;16px&#8220; link_font_size=&#8220;13px&#8220; header_4_font=&#8220;|||on|||||&#8220; header_4_text_color=&#8220;rgba(255,255,255,0.6)&#8220; header_4_font_size=&#8220;10px&#8220; background_layout=&#8220;dark&#8220; custom_margin=&#8220;||50px||false|false&#8220; global_colors_info=&#8220;{}&#8220;]<\/p>\n<table class=\"recapiti\">\n<tbody>\n<tr>\n<th rowspan=\"2\"><i class=\"fab fa-fw fa-2x fa-whatsapp\"><\/i><\/th>\n<td>\n<h4>Whatsapp<\/h4>\n<\/td>\n<\/tr>\n<tr>\n<td><a href=\"https:\/\/wa.me\/393479927446\" target=\"_blank\" rel=\"noopener noreferrer\">+39 347 992 7446<\/a><\/td>\n<\/tr>\n<\/tbody>\n<\/table>\n<p>[\/et_pb_text][et_pb_text _builder_version=&#8220;4.20.2&#8243; text_font=&#8220;Montserrat||||||||&#8220; text_font_size=&#8220;16px&#8220; link_font_size=&#8220;13px&#8220; header_4_font=&#8220;|||on|||||&#8220; header_4_text_color=&#8220;rgba(255,255,255,0.6)&#8220; header_4_font_size=&#8220;10px&#8220; background_layout=&#8220;dark&#8220; custom_margin=&#8220;||50px||false|false&#8220; global_colors_info=&#8220;{}&#8220;]<\/p>\n<table class=\"recapiti\">\n<tbody>\n<tr>\n<th rowspan=\"2\"><i class=\"fa fa-2x fa-fw fa-envelope\"><\/i><\/th>\n<td>\n<h4>Email Adresse<\/h4>\n<\/td>\n<\/tr>\n<tr>\n<td><a href=\"mailto:info.artwinetravel@gmail.com\">info.artwinetravel@gmail.com<\/a><\/td>\n<\/tr>\n<\/tbody>\n<\/table>\n<p>&nbsp;[\/et_pb_text][\/et_pb_column][et_pb_column type=&#8220;3_5&#8243; _builder_version=&#8220;4.16&#8243; global_colors_info=&#8220;{}&#8220;][et_pb_text _builder_version=&#8220;4.16&#8243; width=&#8220;100%&#8220; global_colors_info=&#8220;{}&#8220;]\n<div class=\"wpcf7 no-js\" id=\"wpcf7-f3537-o1\" lang=\"it-IT\" dir=\"ltr\" data-wpcf7-id=\"3537\">\n<div class=\"screen-reader-response\"><p role=\"status\" aria-live=\"polite\" aria-atomic=\"true\"><\/p> <ul><\/ul><\/div>\n<form action=\"\/de\/wp-json\/wp\/v2\/pages\/5441#wpcf7-f3537-o1\" method=\"post\" class=\"wpcf7-form init\" aria-label=\"Modulo di contatto\" novalidate=\"novalidate\" data-status=\"init\">\n<fieldset class=\"hidden-fields-container\"><input type=\"hidden\" name=\"_wpcf7\" value=\"3537\" \/><input type=\"hidden\" name=\"_wpcf7_version\" value=\"6.1.5\" \/><input type=\"hidden\" name=\"_wpcf7_locale\" value=\"it_IT\" \/><input type=\"hidden\" name=\"_wpcf7_unit_tag\" value=\"wpcf7-f3537-o1\" \/><input type=\"hidden\" name=\"_wpcf7_container_post\" value=\"0\" \/><input type=\"hidden\" name=\"_wpcf7_posted_data_hash\" value=\"\" \/><input type=\"hidden\" name=\"_wpcf7_recaptcha_response\" value=\"\" \/>\n<\/fieldset>\n<div class=\"get-in-touch\">\n\t<p class=\"contact_field contact_field_half\"><span class=\"wpcf7-form-control-wrap\" data-name=\"nome\"><input size=\"40\" maxlength=\"400\" class=\"wpcf7-form-control wpcf7-text wpcf7-validates-as-required\" aria-required=\"true\" aria-invalid=\"false\" placeholder=\"VORNAME*\" value=\"\" type=\"text\" name=\"nome\" \/><\/span>\n\t<\/p>\n\t<p class=\"contact_field contact_field_half\"><span class=\"wpcf7-form-control-wrap\" data-name=\"cognome\"><input size=\"40\" maxlength=\"400\" class=\"wpcf7-form-control wpcf7-text wpcf7-validates-as-required\" aria-required=\"true\" aria-invalid=\"false\" placeholder=\"NACHNAME*\" value=\"\" type=\"text\" name=\"cognome\" \/><\/span>\n\t<\/p>\n\t<p class=\"contact_field\"><span class=\"wpcf7-form-control-wrap\" data-name=\"email\"><input size=\"40\" maxlength=\"400\" class=\"wpcf7-form-control wpcf7-email wpcf7-validates-as-required wpcf7-text wpcf7-validates-as-email\" aria-required=\"true\" aria-invalid=\"false\" placeholder=\"E-MAIL ADRESSE*\" value=\"\" type=\"email\" name=\"email\" \/><\/span>\n\t<\/p>\n\t<p class=\"contact_field\"><span class=\"wpcf7-form-control-wrap\" data-name=\"your-message\"><textarea cols=\"40\" rows=\"10\" maxlength=\"2000\" class=\"wpcf7-form-control wpcf7-textarea wpcf7-validates-as-required\" aria-required=\"true\" aria-invalid=\"false\" placeholder=\"NACHRICHT*\" name=\"your-message\"><\/textarea><\/span>\n\t<\/p>\n\t<p class=\"contact_field touch\" style=\"text-align:center;\"><a href=\"\/de\/datenschutzerklaerung\/\" target=\"_blank\">DATENSCHUTZERKL\u00c4RUNG UND STORNOBEDINGUNGEN LESEN<\/a>\n\t<\/p>\n\t<p class=\"contact_field\"><span class=\"wpcf7-form-control-wrap\" data-name=\"privacy\"><span class=\"wpcf7-form-control wpcf7-acceptance optional\"><span class=\"wpcf7-list-item\"><label><input type=\"checkbox\" name=\"privacy\" value=\"1\" aria-invalid=\"false\" \/><span class=\"wpcf7-list-item-label\">Ich habe die Datenschutzerkl\u00e4rung gelesen und akzeptiere Sie.<\/span><\/label><\/span><\/span><\/span>\n\t<\/p>\n\t<p class=\"contact_field\" style=\"text-align:center;\"><button type=\"submit\" class=\"et_pb_contact_submit et_pb_button\">Senden<br \/>\n<\/button>\n\t<\/p>\n<\/div><div class=\"wpcf7-response-output\" aria-hidden=\"true\"><\/div>\n<\/form>\n<\/div>\n[\/et_pb_text][\/et_pb_column][\/et_pb_row][\/et_pb_section]<\/p>\n","protected":false},"excerpt":{"rendered":"<p>Und was gibt es Besseres, als eine Region mit jemandem zu besichtigen, wie zum Beispiel\u00a0 mit einer Reiseleiterin, die euch herzlich empf\u00e4ngt und euch die Gegend zeigt, wie sie sie kennt? Jemand, der\u00a0 vor Ort ist und st\u00e4ndig auf dem Laufenden ist, um eure Neugierde zu stillen? Reisef\u00fchrerapps, Stadtpl\u00e4ne, keine Probleme beim Zurechtfinden&#8230; vergesst es! [&hellip;]<\/p>\n","protected":false},"author":1,"featured_media":0,"parent":0,"menu_order":0,"comment_status":"closed","ping_status":"closed","template":"","meta":{"_et_pb_use_builder":"on","_et_pb_old_content":"[vc_row is_container=\"yes\" el_class=\"margin_60\"][vc_column][vc_column_text]\r\n<div class=\"main_title\">\r\n<h2><b>Private<\/b> Tour<\/h2>\r\n\u00a0\r\n\r\nI <strong>tour guidati<\/strong> sono pensati per un <strong>minimo di 2 persone<\/strong> fino a un <strong>massimo di 10\u00a0persone<\/strong>; ad ogni modo, alcuni di questi <strong>tour guidati<\/strong> possono essere realizzati anche per <strong>gruppi<\/strong> pi\u00f9 numerosi.\r\n\r\n<\/div>\r\n[\/vc_column_text][tours type=\"popular\" tour_type=\"29\" count=\"30\"][\/vc_column][\/vc_row][vc_row][vc_column][parallax_block bg_image=\"http:\/\/www.soaptheme.net\/wordpress\/citytours\/wp-content\/uploads\/2015\/11\/home_bg_1.jpg\"][vc_raw_html]JTNDZGl2JTNFJTBBJTIwJTIwJTIwJTIwJTNDaDMlM0VMQSUyMFBFREVNT05UQU5BJTIwVkVORVRBJTNDJTJGaDMlM0UlMEElMjAlMjAlMjAlMjAlM0NwJTNFTGElMjBmYXNjaWElMjBjb2xsaW5hcmUlMjBwZWRlbW9udGFuYSUyMCVDMyVBOCUyMGlsJTIwY3VvcmUlMjBkZWxsYSUyMFJlZ2lvbmUlMjBWZW5ldG8uJTNDYnIlM0VQYWVzYWdnaSUyMGluY2FudGV2b2xpJTJDJTIwc3BsZW5kaWRpJTIwYm9yZ2hpJTIwc3RvcmljaSUyMGUlMjBmYW1vc2UlMjBWaWxsZSUyMFZlbmV0ZS4lM0MlMkZwJTNFJTBBJTIwJTIwJTIwJTIwJTNDYSUyMGhyZWYlM0QlMjJodHRwcyUzQSUyRiUyRnd3dy55b3V0dWJlLmNvbSUyRndhdGNoJTNGdiUzRFNaMHpOcTVnNUJrJTNGYXV0b3BsYXklM0QxJTI2cmVsJTNEMCUyMiUyMGNsYXNzJTNEJTIydmlkZW8lMjIlM0UlM0NpJTIwY2xhc3MlM0QlMjJpY29uLXBsYXktY2lyY2xlZDItMSUyMiUzRSUzQyUyRmklM0UlM0MlMkZhJTNFJTBBJTNDJTJGZGl2JTNF[\/vc_raw_html][\/parallax_block][\/vc_column][\/vc_row]","_et_gb_content_width":"","inline_featured_image":false,"iawp_total_views":167,"footnotes":""},"class_list":["post-5441","page","type-page","status-publish","hentry"],"yoast_head":"<!-- This site is optimized with the Yoast SEO plugin v26.8 - https:\/\/yoast.com\/product\/yoast-seo-wordpress\/ -->\n<title>Tour guidati, tour privati, tour di gruppo, tour su misura in Veneto<\/title>\n<meta name=\"description\" content=\"Trova il tour ideale. Altrimenti contattaci e indicaci le tue esigenze. Potremo confezionare i tour guidati su misura per te e per il tuo gruppo.\" \/>\n<meta name=\"robots\" content=\"index, follow, max-snippet:-1, max-image-preview:large, max-video-preview:-1\" \/>\n<link rel=\"canonical\" href=\"https:\/\/trip2prosecco.com\/de\/tour\/\" \/>\n<meta property=\"og:locale\" content=\"de_DE\" \/>\n<meta property=\"og:type\" content=\"article\" \/>\n<meta property=\"og:title\" content=\"Tour guidati, tour privati, tour di gruppo, tour su misura in Veneto\" \/>\n<meta property=\"og:description\" content=\"Trova il tour ideale. Altrimenti contattaci e indicaci le tue esigenze. Potremo confezionare i tour guidati su misura per te e per il tuo gruppo.\" \/>\n<meta property=\"og:url\" content=\"https:\/\/trip2prosecco.com\/de\/tour\/\" \/>\n<meta property=\"og:site_name\" content=\"Trip2Prosecco\" \/>\n<meta property=\"article:modified_time\" content=\"2023-12-06T08:15:13+00:00\" \/>\n<meta name=\"twitter:card\" content=\"summary_large_image\" \/>\n<meta name=\"twitter:label1\" content=\"Gesch\u00e4tzte Lesezeit\" \/>\n\t<meta name=\"twitter:data1\" content=\"2\u00a0Minuten\" \/>\n<script type=\"application\/ld+json\" class=\"yoast-schema-graph\">{\"@context\":\"https:\/\/schema.org\",\"@graph\":[{\"@type\":\"WebPage\",\"@id\":\"https:\/\/trip2prosecco.com\/de\/tour\/\",\"url\":\"https:\/\/trip2prosecco.com\/de\/tour\/\",\"name\":\"Tour guidati, tour privati, tour di gruppo, tour su misura in Veneto\",\"isPartOf\":{\"@id\":\"https:\/\/trip2prosecco.com\/de\/#website\"},\"datePublished\":\"2015-10-02T13:30:03+00:00\",\"dateModified\":\"2023-12-06T08:15:13+00:00\",\"description\":\"Trova il tour ideale. Altrimenti contattaci e indicaci le tue esigenze. Potremo confezionare i tour guidati su misura per te e per il tuo gruppo.\",\"breadcrumb\":{\"@id\":\"https:\/\/trip2prosecco.com\/de\/tour\/#breadcrumb\"},\"inLanguage\":\"de\",\"potentialAction\":[{\"@type\":\"ReadAction\",\"target\":[\"https:\/\/trip2prosecco.com\/de\/tour\/\"]}]},{\"@type\":\"BreadcrumbList\",\"@id\":\"https:\/\/trip2prosecco.com\/de\/tour\/#breadcrumb\",\"itemListElement\":[{\"@type\":\"ListItem\",\"position\":1,\"name\":\"Home\",\"item\":\"https:\/\/trip2prosecco.com\/de\/\"},{\"@type\":\"ListItem\",\"position\":2,\"name\":\"Tour\"}]},{\"@type\":\"WebSite\",\"@id\":\"https:\/\/trip2prosecco.com\/de\/#website\",\"url\":\"https:\/\/trip2prosecco.com\/de\/\",\"name\":\"Trip2Prosecco\",\"description\":\"ArtWineTravel diwine experience\",\"potentialAction\":[{\"@type\":\"SearchAction\",\"target\":{\"@type\":\"EntryPoint\",\"urlTemplate\":\"https:\/\/trip2prosecco.com\/de\/?s={search_term_string}\"},\"query-input\":{\"@type\":\"PropertyValueSpecification\",\"valueRequired\":true,\"valueName\":\"search_term_string\"}}],\"inLanguage\":\"de\"}]}<\/script>\n<!-- \/ Yoast SEO plugin. -->","yoast_head_json":{"title":"Tour guidati, tour privati, tour di gruppo, tour su misura in Veneto","description":"Trova il tour ideale. Altrimenti contattaci e indicaci le tue esigenze. Potremo confezionare i tour guidati su misura per te e per il tuo gruppo.","robots":{"index":"index","follow":"follow","max-snippet":"max-snippet:-1","max-image-preview":"max-image-preview:large","max-video-preview":"max-video-preview:-1"},"canonical":"https:\/\/trip2prosecco.com\/de\/tour\/","og_locale":"de_DE","og_type":"article","og_title":"Tour guidati, tour privati, tour di gruppo, tour su misura in Veneto","og_description":"Trova il tour ideale. Altrimenti contattaci e indicaci le tue esigenze. Potremo confezionare i tour guidati su misura per te e per il tuo gruppo.","og_url":"https:\/\/trip2prosecco.com\/de\/tour\/","og_site_name":"Trip2Prosecco","article_modified_time":"2023-12-06T08:15:13+00:00","twitter_card":"summary_large_image","twitter_misc":{"Gesch\u00e4tzte Lesezeit":"2\u00a0Minuten"},"schema":{"@context":"https:\/\/schema.org","@graph":[{"@type":"WebPage","@id":"https:\/\/trip2prosecco.com\/de\/tour\/","url":"https:\/\/trip2prosecco.com\/de\/tour\/","name":"Tour guidati, tour privati, tour di gruppo, tour su misura in Veneto","isPartOf":{"@id":"https:\/\/trip2prosecco.com\/de\/#website"},"datePublished":"2015-10-02T13:30:03+00:00","dateModified":"2023-12-06T08:15:13+00:00","description":"Trova il tour ideale. Altrimenti contattaci e indicaci le tue esigenze. Potremo confezionare i tour guidati su misura per te e per il tuo gruppo.","breadcrumb":{"@id":"https:\/\/trip2prosecco.com\/de\/tour\/#breadcrumb"},"inLanguage":"de","potentialAction":[{"@type":"ReadAction","target":["https:\/\/trip2prosecco.com\/de\/tour\/"]}]},{"@type":"BreadcrumbList","@id":"https:\/\/trip2prosecco.com\/de\/tour\/#breadcrumb","itemListElement":[{"@type":"ListItem","position":1,"name":"Home","item":"https:\/\/trip2prosecco.com\/de\/"},{"@type":"ListItem","position":2,"name":"Tour"}]},{"@type":"WebSite","@id":"https:\/\/trip2prosecco.com\/de\/#website","url":"https:\/\/trip2prosecco.com\/de\/","name":"Trip2Prosecco","description":"ArtWineTravel diwine experience","potentialAction":[{"@type":"SearchAction","target":{"@type":"EntryPoint","urlTemplate":"https:\/\/trip2prosecco.com\/de\/?s={search_term_string}"},"query-input":{"@type":"PropertyValueSpecification","valueRequired":true,"valueName":"search_term_string"}}],"inLanguage":"de"}]}},"_links":{"self":[{"href":"https:\/\/trip2prosecco.com\/de\/wp-json\/wp\/v2\/pages\/5441","targetHints":{"allow":["GET"]}}],"collection":[{"href":"https:\/\/trip2prosecco.com\/de\/wp-json\/wp\/v2\/pages"}],"about":[{"href":"https:\/\/trip2prosecco.com\/de\/wp-json\/wp\/v2\/types\/page"}],"author":[{"embeddable":true,"href":"https:\/\/trip2prosecco.com\/de\/wp-json\/wp\/v2\/users\/1"}],"replies":[{"embeddable":true,"href":"https:\/\/trip2prosecco.com\/de\/wp-json\/wp\/v2\/comments?post=5441"}],"version-history":[{"count":7,"href":"https:\/\/trip2prosecco.com\/de\/wp-json\/wp\/v2\/pages\/5441\/revisions"}],"predecessor-version":[{"id":10351,"href":"https:\/\/trip2prosecco.com\/de\/wp-json\/wp\/v2\/pages\/5441\/revisions\/10351"}],"wp:attachment":[{"href":"https:\/\/trip2prosecco.com\/de\/wp-json\/wp\/v2\/media?parent=5441"}],"curies":[{"name":"wp","href":"https:\/\/api.w.org\/{rel}","templated":true}]}}