{"id":4561,"date":"2015-09-30T05:35:11","date_gmt":"2015-09-30T03:35:11","guid":{"rendered":"https:\/\/trip2prosecco.com\/?page_id=4561"},"modified":"2021-06-23T14:18:32","modified_gmt":"2021-06-23T12:18:32","slug":"reiseveranstalter","status":"publish","type":"page","link":"https:\/\/trip2prosecco.com\/de\/reiseveranstalter\/","title":{"rendered":"Reiseveranstalter"},"content":{"rendered":"<p>[et_pb_section fb_built=&#8220;1&#8243; _builder_version=&#8220;3.22&#8243;][et_pb_row _builder_version=&#8220;4.4.8&#8243; locked=&#8220;off&#8220;][et_pb_column type=&#8220;4_4&#8243; _builder_version=&#8220;4.4.8&#8243;][et_pb_post_title meta=&#8220;off&#8220; featured_image=&#8220;off&#8220; _builder_version=&#8220;4.4.8&#8243; title_font=&#8220;|||on|||||&#8220; title_font_size=&#8220;40px&#8220; text_orientation=&#8220;center&#8220; custom_margin=&#8220;||10px||false|false&#8220; custom_padding=&#8220;||||false|false&#8220;][\/et_pb_post_title][et_pb_divider color=&#8220;rgba(0,0,0,0.1)&#8220; divider_weight=&#8220;1px&#8220; _builder_version=&#8220;4.4.8&#8243; width=&#8220;43%&#8220; module_alignment=&#8220;center&#8220; custom_margin=&#8220;0px||0px||false|false&#8220; custom_padding=&#8220;0px||0px||false|false&#8220;][\/et_pb_divider][et_pb_text _builder_version=&#8220;4.9.7&#8243; text_font=&#8220;|300|||||||&#8220; header_3_font=&#8220;|||on|||||&#8220; header_3_text_align=&#8220;center&#8220; header_3_line_height=&#8220;1.3em&#8220; text_orientation=&#8220;center&#8220; custom_margin=&#8220;||30px||false|false&#8220; hover_enabled=&#8220;0&#8243; sticky_enabled=&#8220;0&#8243;]<\/p>\n<h3 style=\"text-align: center;\"><strong><\/strong><\/h3>\n<h3 style=\"text-align: center;\"><strong><\/strong><\/h3>\n<h3 style=\"text-align: center;\"><strong><\/strong><\/h3>\n<h2 style=\"text-align: center;\"><strong>Brauchen Sie noch Hilfe?\u00a0<\/strong><\/h2>\n<p style=\"text-align: center;\">Nicht gefunden was gesucht? F\u00fcllen Sie einfach das Formular aus. Ich stehe euch jederzeit gerne zur Verf\u00fcgung.<\/p>\n<p>&nbsp;<\/p>\n<p>&nbsp;<\/p>\n<p>[\/et_pb_text][\/et_pb_column][\/et_pb_row][et_pb_row _builder_version=&#8220;3.25&#8243; background_size=&#8220;initial&#8220; background_position=&#8220;top_left&#8220; background_repeat=&#8220;repeat&#8220;][et_pb_column type=&#8220;4_4&#8243; _builder_version=&#8220;3.25&#8243; custom_padding=&#8220;|||&#8220; custom_padding__hover=&#8220;|||&#8220;][et_pb_text _builder_version=&#8220;4.9.4&#8243; background_size=&#8220;initial&#8220; background_position=&#8220;top_left&#8220; background_repeat=&#8220;repeat&#8220;]<\/p>\n\n<div class=\"wpcf7 no-js\" id=\"wpcf7-f4543-o1\" lang=\"it-IT\" dir=\"ltr\" data-wpcf7-id=\"4543\">\n<div class=\"screen-reader-response\"><p role=\"status\" aria-live=\"polite\" aria-atomic=\"true\"><\/p> <ul><\/ul><\/div>\n<form action=\"\/de\/wp-json\/wp\/v2\/pages\/4561#wpcf7-f4543-o1\" method=\"post\" class=\"wpcf7-form init\" aria-label=\"Modulo di contatto\" novalidate=\"novalidate\" data-status=\"init\">\n<fieldset class=\"hidden-fields-container\"><input type=\"hidden\" name=\"_wpcf7\" value=\"4543\" \/><input type=\"hidden\" name=\"_wpcf7_version\" value=\"6.1.5\" \/><input type=\"hidden\" name=\"_wpcf7_locale\" value=\"it_IT\" \/><input type=\"hidden\" name=\"_wpcf7_unit_tag\" value=\"wpcf7-f4543-o1\" \/><input type=\"hidden\" name=\"_wpcf7_container_post\" value=\"0\" \/><input type=\"hidden\" name=\"_wpcf7_posted_data_hash\" value=\"\" \/><input type=\"hidden\" name=\"_wpcf7_recaptcha_response\" value=\"\" \/>\n<\/fieldset>\n<p class=\"contact_field\">* Ben\u00f6tiges Feld\n<\/p>\n<p class=\"contact_field\"><span class=\"wpcf7-form-control-wrap\" data-name=\"ditta\"><input size=\"40\" maxlength=\"400\" class=\"wpcf7-form-control wpcf7-text wpcf7-validates-as-required\" aria-required=\"true\" aria-invalid=\"false\" placeholder=\"Firmenname*\" value=\"\" type=\"text\" name=\"ditta\" \/><\/span>\n<\/p>\n<p class=\"contact_field contact_field_half\"><span class=\"wpcf7-form-control-wrap\" data-name=\"nazione\"><input size=\"40\" maxlength=\"400\" class=\"wpcf7-form-control wpcf7-text wpcf7-validates-as-required\" aria-required=\"true\" aria-invalid=\"false\" placeholder=\"Land*\" value=\"\" type=\"text\" name=\"nazione\" \/><\/span>\n<\/p>\n<p class=\"contact_field contact_field_half\"><span class=\"wpcf7-form-control-wrap\" data-name=\"email\"><input size=\"40\" maxlength=\"400\" class=\"wpcf7-form-control wpcf7-email wpcf7-validates-as-required wpcf7-text wpcf7-validates-as-email\" aria-required=\"true\" aria-invalid=\"false\" placeholder=\"Email*\" value=\"\" type=\"email\" name=\"email\" \/><\/span>\n<\/p>\n<p class=\"contact_field\"><span class=\"wpcf7-form-control-wrap\" data-name=\"your-message\"><textarea cols=\"40\" rows=\"10\" maxlength=\"2000\" class=\"wpcf7-form-control wpcf7-textarea wpcf7-validates-as-required\" aria-required=\"true\" aria-invalid=\"false\" placeholder=\"Nachricht*\" name=\"your-message\"><\/textarea><\/span>\n<\/p>\n<p class=\"contact_field\" style=\"text-align:center;\"><a href=\"\/de\/datenschutzerklaerung\/\" target=\"_blank\">Datenschutzerkl\u00e4rung und Stornobediengungen lesen<\/a>\n<\/p>\n<p class=\"contact_field\"><span class=\"wpcf7-form-control-wrap\" data-name=\"privacy\"><span class=\"wpcf7-form-control wpcf7-acceptance optional\"><span class=\"wpcf7-list-item\"><label><input type=\"checkbox\" name=\"privacy\" value=\"1\" aria-invalid=\"false\" \/><span class=\"wpcf7-list-item-label\">Ich habe die Datenschutzerkl\u00e4rung und Stornobediengungen gelesen und akzeptiere Sie.<\/span><\/label><\/span><\/span><\/span>\n<\/p>\n<p class=\"contact_field\" style=\"text-align:center;\"><button type=\"submit\" class=\"et_pb_contact_submit et_pb_button\">Senden<\/button>\n<\/p><div class=\"wpcf7-response-output\" aria-hidden=\"true\"><\/div>\n<\/form>\n<\/div>\n\n<p>[\/et_pb_text][\/et_pb_column][\/et_pb_row][\/et_pb_section][et_pb_section fb_built=&#8220;1&#8243; _builder_version=&#8220;4.4.9&#8243; background_color=&#8220;rgba(0,0,0,0.7)&#8220; custom_padding=&#8220;30px||30px||true|false&#8220; saved_tabs=&#8220;all&#8220; locked=&#8220;off&#8220;][et_pb_row column_structure=&#8220;1_3,1_3,1_3&#8243; _builder_version=&#8220;4.4.9&#8243; custom_margin=&#8220;||0px||false|false&#8220; custom_padding=&#8220;||0px||false|false&#8220;][et_pb_column type=&#8220;1_3&#8243; _builder_version=&#8220;4.4.9&#8243; custom_padding=&#8220;||0px||false|false&#8220;][et_pb_text _builder_version=&#8220;4.9.4&#8243; text_font=&#8220;Montserrat||||||||&#8220; header_4_font=&#8220;|||on|||||&#8220; header_4_text_color=&#8220;rgba(255,255,255,0.6)&#8220; header_4_font_size=&#8220;11px&#8220; background_layout=&#8220;dark&#8220; custom_margin=&#8220;||0px||false|false&#8220; custom_padding=&#8220;||0px||false|false&#8220;]<\/p>\n<table class=\"recapiti\" style=\"width: 186px;\">\n<tbody>\n<tr>\n<th rowspan=\"2\" style=\"width: 3.29545px;\"><i class=\"fa fa-2x fa-fw fa-phone-square-alt\"><\/i><\/th>\n<td style=\"width: 166.932px;\">\n<h4>Ruft an<\/h4>\n<\/td>\n<\/tr>\n<tr>\n<td style=\"width: 166.932px;\">+39 347 9927446<\/td>\n<\/tr>\n<\/tbody>\n<\/table>\n<p>[\/et_pb_text][\/et_pb_column][et_pb_column type=&#8220;1_3&#8243; _builder_version=&#8220;4.4.9&#8243; custom_padding=&#8220;||0px||false|false&#8220;][et_pb_text _builder_version=&#8220;4.7.2&#8243; text_font=&#8220;Montserrat||||||||&#8220; header_4_font=&#8220;|||on|||||&#8220; header_4_text_color=&#8220;rgba(255,255,255,0.6)&#8220; header_4_font_size=&#8220;11px&#8220; background_layout=&#8220;dark&#8220; custom_margin=&#8220;||0px||false|false&#8220; custom_padding=&#8220;||0px||false|false&#8220;]<\/p>\n<table class=\"recapiti\">\n<tbody>\n<tr>\n<th rowspan=\"2\"><i class=\"fab fa-2x fa-fw fa-whatsapp\"><\/i><\/th>\n<td>\n<h4>Messaggiami su Whatsapp<\/h4>\n<\/td>\n<\/tr>\n<tr>\n<td>+39 328 881 3805<\/td>\n<\/tr>\n<\/tbody>\n<\/table>\n<p>[\/et_pb_text][\/et_pb_column][et_pb_column type=&#8220;1_3&#8243; _builder_version=&#8220;4.4.9&#8243; custom_padding=&#8220;||0px||false|false&#8220;][et_pb_text admin_label=&#8220;Testo&#8220; _builder_version=&#8220;4.9.4&#8243; text_font=&#8220;Montserrat||||||||&#8220; header_4_font=&#8220;|||on|||||&#8220; header_4_text_color=&#8220;rgba(255,255,255,0.6)&#8220; header_4_font_size=&#8220;11px&#8220; background_layout=&#8220;dark&#8220; custom_margin=&#8220;||0px||false|false&#8220; custom_padding=&#8220;||0px||false|false&#8220;]<\/p>\n<table class=\"recapiti\">\n<tbody>\n<tr>\n<th rowspan=\"2\"><i class=\"fa fa-2x fa-fw fa-envelope\"><\/i><\/th>\n<td>\n<h4>Mailt an<\/h4>\n<\/td>\n<\/tr>\n<tr>\n<td><a href=\"mailto:info.artwinetravel@gmail.com\">info.artwinetravel@gmail.com<\/a><\/td>\n<\/tr>\n<\/tbody>\n<\/table>\n<p>[\/et_pb_text][\/et_pb_column][\/et_pb_row][\/et_pb_section]<\/p>\n","protected":false},"excerpt":{"rendered":"<p>Brauchen Sie noch Hilfe?\u00a0 Nicht gefunden was gesucht? F\u00fcllen Sie einfach das Formular aus. Ich stehe euch jederzeit gerne zur Verf\u00fcgung. &nbsp; &nbsp;\n<div class=\"wpcf7 no-js\" id=\"wpcf7-f4543-o2\" lang=\"it-IT\" dir=\"ltr\" data-wpcf7-id=\"4543\">\n<div class=\"screen-reader-response\"><p role=\"status\" aria-live=\"polite\" aria-atomic=\"true\"><\/p> <ul><\/ul><\/div>\n<form action=\"\/de\/wp-json\/wp\/v2\/pages\/4561#wpcf7-f4543-o2\" method=\"post\" class=\"wpcf7-form init\" aria-label=\"Modulo di contatto\" novalidate=\"novalidate\" data-status=\"init\">\n<fieldset class=\"hidden-fields-container\"><input type=\"hidden\" name=\"_wpcf7\" value=\"4543\" \/><input type=\"hidden\" name=\"_wpcf7_version\" value=\"6.1.5\" \/><input type=\"hidden\" name=\"_wpcf7_locale\" value=\"it_IT\" \/><input type=\"hidden\" name=\"_wpcf7_unit_tag\" value=\"wpcf7-f4543-o2\" \/><input type=\"hidden\" name=\"_wpcf7_container_post\" value=\"0\" \/><input type=\"hidden\" name=\"_wpcf7_posted_data_hash\" value=\"\" \/><input type=\"hidden\" name=\"_wpcf7_recaptcha_response\" value=\"\" \/>\n<\/fieldset>\n<p class=\"contact_field\">* Ben\u00f6tiges Feld\n<\/p>\n<p class=\"contact_field\"><span class=\"wpcf7-form-control-wrap\" data-name=\"ditta\"><input size=\"40\" maxlength=\"400\" class=\"wpcf7-form-control wpcf7-text wpcf7-validates-as-required\" aria-required=\"true\" aria-invalid=\"false\" placeholder=\"Firmenname*\" value=\"\" type=\"text\" name=\"ditta\" \/><\/span>\n<\/p>\n<p class=\"contact_field contact_field_half\"><span class=\"wpcf7-form-control-wrap\" data-name=\"nazione\"><input size=\"40\" maxlength=\"400\" class=\"wpcf7-form-control wpcf7-text wpcf7-validates-as-required\" aria-required=\"true\" aria-invalid=\"false\" placeholder=\"Land*\" value=\"\" type=\"text\" name=\"nazione\" \/><\/span>\n<\/p>\n<p class=\"contact_field contact_field_half\"><span class=\"wpcf7-form-control-wrap\" data-name=\"email\"><input size=\"40\" maxlength=\"400\" class=\"wpcf7-form-control wpcf7-email wpcf7-validates-as-required wpcf7-text wpcf7-validates-as-email\" aria-required=\"true\" aria-invalid=\"false\" placeholder=\"Email*\" value=\"\" type=\"email\" name=\"email\" \/><\/span>\n<\/p>\n<p class=\"contact_field\"><span class=\"wpcf7-form-control-wrap\" data-name=\"your-message\"><textarea cols=\"40\" rows=\"10\" maxlength=\"2000\" class=\"wpcf7-form-control wpcf7-textarea wpcf7-validates-as-required\" aria-required=\"true\" aria-invalid=\"false\" placeholder=\"Nachricht*\" name=\"your-message\"><\/textarea><\/span>\n<\/p>\n<p class=\"contact_field\" style=\"text-align:center;\"><a href=\"\/de\/datenschutzerklaerung\/\" target=\"_blank\">Datenschutzerkl\u00e4rung und Stornobediengungen lesen<\/a>\n<\/p>\n<p class=\"contact_field\"><span class=\"wpcf7-form-control-wrap\" data-name=\"privacy\"><span class=\"wpcf7-form-control wpcf7-acceptance optional\"><span class=\"wpcf7-list-item\"><label><input type=\"checkbox\" name=\"privacy\" value=\"1\" aria-invalid=\"false\" \/><span class=\"wpcf7-list-item-label\">Ich habe die Datenschutzerkl\u00e4rung und Stornobediengungen gelesen und akzeptiere Sie.<\/span><\/label><\/span><\/span><\/span>\n<\/p>\n<p class=\"contact_field\" style=\"text-align:center;\"><button type=\"submit\" class=\"et_pb_contact_submit et_pb_button\">Senden<\/button>\n<\/p><div class=\"wpcf7-response-output\" aria-hidden=\"true\"><\/div>\n<\/form>\n<\/div>\n Ruft an +39 347 9927446 Messaggiami su Whatsapp +39 328 881 3805 Mailt an info.artwinetravel@gmail.com<\/p>\n","protected":false},"author":1,"featured_media":0,"parent":0,"menu_order":0,"comment_status":"closed","ping_status":"closed","template":"","meta":{"_et_pb_use_builder":"on","_et_pb_old_content":"<p>[vc_row is_container=\"yes\" el_class=\"margin_top_60\"][vc_column][vc_column_text]<\/p><div class=\"main_title\"><h2>Bisogno di aiuto?<\/h2><p>Per qualsiasi informazione o richiesta compila il form qui di seguito. Sar\u00f2 lieta di rispondere ad ogni tua domanda!<\/p><\/div><p>[\/vc_column_text][vc_separator][\/vc_column][\/vc_row][vc_row is_container=\"yes\"][vc_column width=\"1\/2\" offset=\"vc_col-md-4\"][vc_single_image image=\"1100\" img_size=\"full\" el_class=\"img-responsive styled\"][\/vc_column][vc_column width=\"1\/2\" offset=\"vc_col-md-offset-1 vc_col-md-7\"][vc_column_text css=\".vc_custom_1461766983265{margin-top: 50px !important;}\"][contact-form-7 id=\"24\" title=\"Contatto-it\"][\/vc_column_text][\/vc_column][\/vc_row]<\/p>","_et_gb_content_width":"","inline_featured_image":false,"iawp_total_views":35,"footnotes":""},"class_list":["post-4561","page","type-page","status-publish","hentry"],"yoast_head":"<!-- This site is optimized with the Yoast SEO plugin v26.8 - https:\/\/yoast.com\/product\/yoast-seo-wordpress\/ -->\n<title>Kontakt und Anfrage \u00fcber Touren und gef\u00fchrte Besichtigungen<\/title>\n<meta name=\"description\" content=\"Kontakt und Anfrage \u00fcber Leistungen, Touren, gef\u00fchrte Besichtigungen mit Reiseleiterin f\u00fcr Gruppen und Privaten auf Deutsch\" \/>\n<meta name=\"robots\" content=\"index, follow, max-snippet:-1, max-image-preview:large, max-video-preview:-1\" \/>\n<link rel=\"canonical\" href=\"https:\/\/trip2prosecco.com\/de\/reiseveranstalter\/\" \/>\n<meta property=\"og:locale\" content=\"de_DE\" \/>\n<meta property=\"og:type\" content=\"article\" \/>\n<meta property=\"og:title\" content=\"Kontakt und Anfrage \u00fcber Touren und gef\u00fchrte Besichtigungen\" \/>\n<meta property=\"og:description\" content=\"Kontakt und Anfrage \u00fcber Leistungen, Touren, gef\u00fchrte Besichtigungen mit Reiseleiterin f\u00fcr Gruppen und Privaten auf Deutsch\" \/>\n<meta property=\"og:url\" content=\"https:\/\/trip2prosecco.com\/de\/reiseveranstalter\/\" \/>\n<meta property=\"og:site_name\" content=\"Trip2Prosecco\" \/>\n<meta property=\"article:modified_time\" content=\"2021-06-23T12:18:32+00:00\" \/>\n<meta name=\"twitter:card\" content=\"summary_large_image\" \/>\n<meta name=\"twitter:label1\" content=\"Gesch\u00e4tzte Lesezeit\" \/>\n\t<meta name=\"twitter:data1\" content=\"2\u00a0Minuten\" \/>\n<script type=\"application\/ld+json\" class=\"yoast-schema-graph\">{\"@context\":\"https:\/\/schema.org\",\"@graph\":[{\"@type\":\"WebPage\",\"@id\":\"https:\/\/trip2prosecco.com\/de\/reiseveranstalter\/\",\"url\":\"https:\/\/trip2prosecco.com\/de\/reiseveranstalter\/\",\"name\":\"Kontakt und Anfrage \u00fcber Touren und gef\u00fchrte Besichtigungen\",\"isPartOf\":{\"@id\":\"https:\/\/trip2prosecco.com\/de\/#website\"},\"datePublished\":\"2015-09-30T03:35:11+00:00\",\"dateModified\":\"2021-06-23T12:18:32+00:00\",\"description\":\"Kontakt und Anfrage \u00fcber Leistungen, Touren, gef\u00fchrte Besichtigungen mit Reiseleiterin f\u00fcr Gruppen und Privaten auf Deutsch\",\"breadcrumb\":{\"@id\":\"https:\/\/trip2prosecco.com\/de\/reiseveranstalter\/#breadcrumb\"},\"inLanguage\":\"de\",\"potentialAction\":[{\"@type\":\"ReadAction\",\"target\":[\"https:\/\/trip2prosecco.com\/de\/reiseveranstalter\/\"]}]},{\"@type\":\"BreadcrumbList\",\"@id\":\"https:\/\/trip2prosecco.com\/de\/reiseveranstalter\/#breadcrumb\",\"itemListElement\":[{\"@type\":\"ListItem\",\"position\":1,\"name\":\"Home\",\"item\":\"https:\/\/trip2prosecco.com\/de\/\"},{\"@type\":\"ListItem\",\"position\":2,\"name\":\"Reiseveranstalter\"}]},{\"@type\":\"WebSite\",\"@id\":\"https:\/\/trip2prosecco.com\/de\/#website\",\"url\":\"https:\/\/trip2prosecco.com\/de\/\",\"name\":\"Trip2Prosecco\",\"description\":\"ArtWineTravel diwine experience\",\"potentialAction\":[{\"@type\":\"SearchAction\",\"target\":{\"@type\":\"EntryPoint\",\"urlTemplate\":\"https:\/\/trip2prosecco.com\/de\/?s={search_term_string}\"},\"query-input\":{\"@type\":\"PropertyValueSpecification\",\"valueRequired\":true,\"valueName\":\"search_term_string\"}}],\"inLanguage\":\"de\"}]}<\/script>\n<!-- \/ Yoast SEO plugin. -->","yoast_head_json":{"title":"Kontakt und Anfrage \u00fcber Touren und gef\u00fchrte Besichtigungen","description":"Kontakt und Anfrage \u00fcber Leistungen, Touren, gef\u00fchrte Besichtigungen mit Reiseleiterin f\u00fcr Gruppen und Privaten auf Deutsch","robots":{"index":"index","follow":"follow","max-snippet":"max-snippet:-1","max-image-preview":"max-image-preview:large","max-video-preview":"max-video-preview:-1"},"canonical":"https:\/\/trip2prosecco.com\/de\/reiseveranstalter\/","og_locale":"de_DE","og_type":"article","og_title":"Kontakt und Anfrage \u00fcber Touren und gef\u00fchrte Besichtigungen","og_description":"Kontakt und Anfrage \u00fcber Leistungen, Touren, gef\u00fchrte Besichtigungen mit Reiseleiterin f\u00fcr Gruppen und Privaten auf Deutsch","og_url":"https:\/\/trip2prosecco.com\/de\/reiseveranstalter\/","og_site_name":"Trip2Prosecco","article_modified_time":"2021-06-23T12:18:32+00:00","twitter_card":"summary_large_image","twitter_misc":{"Gesch\u00e4tzte Lesezeit":"2\u00a0Minuten"},"schema":{"@context":"https:\/\/schema.org","@graph":[{"@type":"WebPage","@id":"https:\/\/trip2prosecco.com\/de\/reiseveranstalter\/","url":"https:\/\/trip2prosecco.com\/de\/reiseveranstalter\/","name":"Kontakt und Anfrage \u00fcber Touren und gef\u00fchrte Besichtigungen","isPartOf":{"@id":"https:\/\/trip2prosecco.com\/de\/#website"},"datePublished":"2015-09-30T03:35:11+00:00","dateModified":"2021-06-23T12:18:32+00:00","description":"Kontakt und Anfrage \u00fcber Leistungen, Touren, gef\u00fchrte Besichtigungen mit Reiseleiterin f\u00fcr Gruppen und Privaten auf Deutsch","breadcrumb":{"@id":"https:\/\/trip2prosecco.com\/de\/reiseveranstalter\/#breadcrumb"},"inLanguage":"de","potentialAction":[{"@type":"ReadAction","target":["https:\/\/trip2prosecco.com\/de\/reiseveranstalter\/"]}]},{"@type":"BreadcrumbList","@id":"https:\/\/trip2prosecco.com\/de\/reiseveranstalter\/#breadcrumb","itemListElement":[{"@type":"ListItem","position":1,"name":"Home","item":"https:\/\/trip2prosecco.com\/de\/"},{"@type":"ListItem","position":2,"name":"Reiseveranstalter"}]},{"@type":"WebSite","@id":"https:\/\/trip2prosecco.com\/de\/#website","url":"https:\/\/trip2prosecco.com\/de\/","name":"Trip2Prosecco","description":"ArtWineTravel diwine experience","potentialAction":[{"@type":"SearchAction","target":{"@type":"EntryPoint","urlTemplate":"https:\/\/trip2prosecco.com\/de\/?s={search_term_string}"},"query-input":{"@type":"PropertyValueSpecification","valueRequired":true,"valueName":"search_term_string"}}],"inLanguage":"de"}]}},"_links":{"self":[{"href":"https:\/\/trip2prosecco.com\/de\/wp-json\/wp\/v2\/pages\/4561","targetHints":{"allow":["GET"]}}],"collection":[{"href":"https:\/\/trip2prosecco.com\/de\/wp-json\/wp\/v2\/pages"}],"about":[{"href":"https:\/\/trip2prosecco.com\/de\/wp-json\/wp\/v2\/types\/page"}],"author":[{"embeddable":true,"href":"https:\/\/trip2prosecco.com\/de\/wp-json\/wp\/v2\/users\/1"}],"replies":[{"embeddable":true,"href":"https:\/\/trip2prosecco.com\/de\/wp-json\/wp\/v2\/comments?post=4561"}],"version-history":[{"count":3,"href":"https:\/\/trip2prosecco.com\/de\/wp-json\/wp\/v2\/pages\/4561\/revisions"}],"predecessor-version":[{"id":4948,"href":"https:\/\/trip2prosecco.com\/de\/wp-json\/wp\/v2\/pages\/4561\/revisions\/4948"}],"wp:attachment":[{"href":"https:\/\/trip2prosecco.com\/de\/wp-json\/wp\/v2\/media?parent=4561"}],"curies":[{"name":"wp","href":"https:\/\/api.w.org\/{rel}","templated":true}]}}