{"id":2997,"date":"2015-10-02T15:30:03","date_gmt":"2015-10-02T13:30:03","guid":{"rendered":"https:\/\/trip2prosecco.com\/visite-guidate\/"},"modified":"2021-05-24T14:21:28","modified_gmt":"2021-05-24T12:21:28","slug":"visite-guidate","status":"publish","type":"page","link":"https:\/\/trip2prosecco.com\/de\/visite-guidate\/","title":{"rendered":"Stadtf\u00fchrungen"},"content":{"rendered":"<p>[et_pb_section fb_built=&#8220;1&#8243; admin_label=&#8220;F\u00fchrung&#8220; module_id=&#8220;section-two&#8220; _builder_version=&#8220;4.7.2&#8243; background_color=&#8220;#F3F3F3&#8243; custom_margin=&#8220;||||false|true&#8220; custom_padding=&#8220;||||false|false&#8220; global_module=&#8220;3534&#8243; saved_tabs=&#8220;all&#8220; collapsed=&#8220;off&#8220;][et_pb_row column_structure=&#8220;3_4,1_4&#8243; _builder_version=&#8220;4.5.0&#8243; locked=&#8220;off&#8220;][et_pb_column type=&#8220;3_4&#8243; _builder_version=&#8220;4.4.8&#8243;][et_pb_text _builder_version=&#8220;4.6.6&#8243; header_font_size=&#8220;40px&#8220; header_3_font=&#8220;|||on|||||&#8220; header_3_text_align=&#8220;center&#8220; header_3_font_size=&#8220;40px&#8220; header_3_line_height=&#8220;1.3em&#8220; custom_margin=&#8220;||0px||false|false&#8220;]<\/p>\n<h3>F\u00dcHRUNGEN<\/h3>\n<p>[\/et_pb_text][et_pb_divider color=&#8220;rgba(0,0,0,0.1)&#8220; divider_weight=&#8220;1px&#8220; _builder_version=&#8220;4.4.8&#8243; width=&#8220;43%&#8220; module_alignment=&#8220;center&#8220; custom_margin=&#8220;0px||0px||false|false&#8220; custom_padding=&#8220;0px||0px||false|false&#8220;][\/et_pb_divider][et_pb_text _builder_version=&#8220;4.7.3&#8243; text_font=&#8220;|300|||||||&#8220; header_3_font=&#8220;|||on|||||&#8220; header_3_text_align=&#8220;center&#8220; header_3_line_height=&#8220;1.3em&#8220; text_orientation=&#8220;center&#8220; width=&#8220;100%&#8220; custom_margin=&#8220;||30px||false|false&#8220;]<\/p>\n<p style=\"text-align: justify;\">Hier sind einige Vorschl\u00e4ge f\u00fcr eine interessante F\u00fchrung in Treviso und Umgebungen und in Venetien.<\/p>\n<p style=\"text-align: justify;\">F\u00fcr Gruppen stellt <strong>Vox Connect<\/strong> die intelligente Smartphone-F\u00fchrung dar. Es handelt sich um eine hochentwickelte App, die Reiseleiter und ihre Gruppen drahtlos miteinander verbindet. Die App ist ein kostenloser Download \u00a0und ist einfach einzurichten und zu verwenden.<\/p>\n<p style=\"text-align: justify;\">Sie verwandelt das Smartphone des Reiseleiters in einen Sender und das Telefon des Besuchers in einen Empf\u00e4nger, der dann eine\u00a0drahtlose Verbindung \u00fcber mobiles Internet, Wi-Fi oder den Vox Box herstellt. Dar\u00fcber kann jeder Reisegruppenteilnehmer sich problemlos <strong>sozial distanzieren,<\/strong> da er sein pers\u00f6nliches Smartphone und seine Headsets verwendet.<\/p>\n<p style=\"text-align: justify;\">Teilen wir einfach das Kanalcode, dann kann die Tour sofort beginnen!<\/p>\n<p>[\/et_pb_text][\/et_pb_column][et_pb_column type=&#8220;1_4&#8243; _builder_version=&#8220;4.4.8&#8243;][et_pb_image src=&#8220;https:\/\/trip2prosecco.com\/wp-content\/uploads\/2020\/07\/vox-connect.png&#8220; title_text=&#8220;vox-connect&#8220; align=&#8220;center&#8220; _builder_version=&#8220;4.5.0&#8243; _module_preset=&#8220;default&#8220; width=&#8220;130px&#8220;][\/et_pb_image][\/et_pb_column][\/et_pb_row][et_pb_row column_structure=&#8220;1_3,1_3,1_3&#8243; use_custom_gutter=&#8220;on&#8220; gutter_width=&#8220;2&#8243; make_equal=&#8220;on&#8220; _builder_version=&#8220;4.4.9&#8243;][et_pb_column type=&#8220;1_3&#8243; _builder_version=&#8220;4.4.9&#8243; custom_padding=&#8220;||15px||false|false&#8220; border_width_bottom=&#8220;1px&#8220; border_color_bottom=&#8220;rgba(0,0,0,0.2)&#8220;][et_pb_blurb title=&#8220;Treviso Gef\u00fchrte Besichtigung&#8220; image=&#8220;https:\/\/trip2prosecco.com\/wp-content\/uploads\/2016\/10\/treviso-01.jpg&#8220; alt=&#8220;Treviso&#8220; module_class=&#8220;visite-home visite-home-high&#8220; _builder_version=&#8220;4.9.4&#8243; _dynamic_attributes=&#8220;link_option_url&#8220; header_level=&#8220;h3&#8243; header_font=&#8220;|||on|||||&#8220; header_text_align=&#8220;center&#8220; animation=&#8220;off&#8220; link_option_url=&#8220;@ET-DC@eyJkeW5hbWljIjp0cnVlLCJjb250ZW50IjoicG9zdF9saW5rX3VybF9wb3N0Iiwic2V0dGluZ3MiOnsicG9zdF9pZCI6IjQ2MCJ9fQ==@&#8220; image__hover_enabled=&#8220;off|hover&#8220;][\/et_pb_blurb][\/et_pb_column][et_pb_column type=&#8220;1_3&#8243; _builder_version=&#8220;4.4.9&#8243; custom_padding=&#8220;||15px||false|false&#8220; border_width_bottom=&#8220;1px&#8220; border_color_bottom=&#8220;rgba(0,0,0,0.2)&#8220;][et_pb_blurb title=&#8220;Asolo gef\u00fchrte Besichtigung&#8220; image=&#8220;https:\/\/trip2prosecco.com\/wp-content\/uploads\/2020\/07\/asolo-1.jpg&#8220; alt=&#8220;asolo&#8220; module_class=&#8220;visite-home visite-home-high&#8220; _builder_version=&#8220;4.9.4&#8243; _dynamic_attributes=&#8220;link_option_url&#8220; header_level=&#8220;h3&#8243; header_font=&#8220;|||on|||||&#8220; header_text_align=&#8220;center&#8220; animation=&#8220;off&#8220; link_option_url=&#8220;@ET-DC@eyJkeW5hbWljIjp0cnVlLCJjb250ZW50IjoicG9zdF9saW5rX3VybF9wb3N0Iiwic2V0dGluZ3MiOnsicG9zdF9pZCI6Ijg0OCJ9fQ==@&#8220; image__hover_enabled=&#8220;off|hover&#8220;][\/et_pb_blurb][\/et_pb_column][et_pb_column type=&#8220;1_3&#8243; _builder_version=&#8220;4.4.9&#8243; custom_padding=&#8220;||15px||false|false&#8220; border_width_bottom=&#8220;1px&#8220; border_color_bottom=&#8220;rgba(0,0,0,0.2)&#8220;][et_pb_blurb title=&#8220;Proseccostra\u00dfe&#8220; image=&#8220;https:\/\/trip2prosecco.com\/wp-content\/uploads\/2016\/06\/colline-prosecco-1.jpg&#8220; alt=&#8220;asolo&#8220; module_class=&#8220;visite-home visite-home-high&#8220; _builder_version=&#8220;4.9.4&#8243; _dynamic_attributes=&#8220;link_option_url&#8220; header_level=&#8220;h3&#8243; header_font=&#8220;|||on|||||&#8220; header_text_align=&#8220;center&#8220; animation=&#8220;off&#8220; link_option_url=&#8220;@ET-DC@eyJkeW5hbWljIjp0cnVlLCJjb250ZW50IjoicG9zdF9saW5rX3VybF9wb3N0Iiwic2V0dGluZ3MiOnsicG9zdF9pZCI6IjQ2NyJ9fQ==@&#8220; image__hover_enabled=&#8220;off|hover&#8220;][\/et_pb_blurb][\/et_pb_column][\/et_pb_row][et_pb_row column_structure=&#8220;1_6,1_6,1_6,1_6,1_6,1_6&#8243; use_custom_gutter=&#8220;on&#8220; gutter_width=&#8220;2&#8243; make_equal=&#8220;on&#8220; _builder_version=&#8220;4.4.9&#8243;][et_pb_column type=&#8220;1_6&#8243; _builder_version=&#8220;4.4.9&#8243; custom_padding=&#8220;||0px||false|false&#8220; border_width_bottom=&#8220;1px&#8220; border_color_bottom=&#8220;rgba(0,0,0,0.2)&#8220;][et_pb_blurb title=&#8220;Palladio Villen&#8220; image=&#8220;https:\/\/trip2prosecco.com\/wp-content\/uploads\/2020\/07\/villa-barbaro-1.jpg&#8220; alt=&#8220;venetian villas&#8220; module_class=&#8220;visite-home&#8220; _builder_version=&#8220;4.9.4&#8243; _dynamic_attributes=&#8220;link_option_url&#8220; header_level=&#8220;h3&#8243; header_font=&#8220;|||on|||||&#8220; header_text_align=&#8220;center&#8220; header_font_size=&#8220;12px&#8220; animation=&#8220;off&#8220; link_option_url=&#8220;@ET-DC@eyJkeW5hbWljIjp0cnVlLCJjb250ZW50IjoicG9zdF9saW5rX3VybF9wb3N0Iiwic2V0dGluZ3MiOnsicG9zdF9pZCI6IjQ2MiJ9fQ==@&#8220; custom_css_blurb_image=&#8220;margin-bottom: 10px;&#8220; image__hover_enabled=&#8220;off|hover&#8220;][\/et_pb_blurb][\/et_pb_column][et_pb_column type=&#8220;1_6&#8243; _builder_version=&#8220;4.4.9&#8243; custom_padding=&#8220;||0px||false|false&#8220; border_width_bottom=&#8220;1px&#8220; border_color_bottom=&#8220;rgba(0,0,0,0.2)&#8220;][et_pb_blurb title=&#8220;Castelfranco Veneto gef\u00fchrte Besichtigung&#8220; image=&#8220;https:\/\/trip2prosecco.com\/wp-content\/uploads\/2016\/07\/castelfranco_veneto-1.jpg&#8220; alt=&#8220;Treviso&#8220; module_class=&#8220;visite-home&#8220; _builder_version=&#8220;4.9.4&#8243; _dynamic_attributes=&#8220;link_option_url&#8220; header_level=&#8220;h3&#8243; header_font=&#8220;|||on|||||&#8220; header_text_align=&#8220;center&#8220; header_font_size=&#8220;12px&#8220; animation=&#8220;off&#8220; link_option_url=&#8220;@ET-DC@eyJkeW5hbWljIjp0cnVlLCJjb250ZW50IjoicG9zdF9saW5rX3VybF9wb3N0Iiwic2V0dGluZ3MiOnsicG9zdF9pZCI6IjIxNzMifX0=@&#8220; custom_css_blurb_image=&#8220;margin-bottom: 10px;&#8220; image__hover_enabled=&#8220;off|hover&#8220;][\/et_pb_blurb][\/et_pb_column][et_pb_column type=&#8220;1_6&#8243; _builder_version=&#8220;4.4.9&#8243; custom_padding=&#8220;||0px||false|false&#8220; border_width_bottom=&#8220;1px&#8220; border_color_bottom=&#8220;rgba(0,0,0,0.2)&#8220;][et_pb_blurb title=&#8220;Conegliano Gef\u00fchrte Besichtigung&#8220; image=&#8220;https:\/\/trip2prosecco.com\/wp-content\/uploads\/2016\/04\/conegliano-1.jpg&#8220; alt=&#8220;venetian villas&#8220; module_class=&#8220;visite-home&#8220; _builder_version=&#8220;4.9.4&#8243; _dynamic_attributes=&#8220;link_option_url&#8220; header_level=&#8220;h3&#8243; header_font=&#8220;|||on|||||&#8220; header_text_align=&#8220;center&#8220; header_font_size=&#8220;12px&#8220; animation=&#8220;off&#8220; link_option_url=&#8220;@ET-DC@eyJkeW5hbWljIjp0cnVlLCJjb250ZW50IjoicG9zdF9saW5rX3VybF9wb3N0Iiwic2V0dGluZ3MiOnsicG9zdF9pZCI6IjQ2OCJ9fQ==@&#8220; custom_css_blurb_image=&#8220;margin-bottom: 10px;&#8220; image__hover_enabled=&#8220;off|hover&#8220;][\/et_pb_blurb][\/et_pb_column][et_pb_column type=&#8220;1_6&#8243; _builder_version=&#8220;4.4.9&#8243; custom_padding=&#8220;||0px||false|false&#8220; border_width_bottom=&#8220;1px&#8220; border_color_bottom=&#8220;rgba(0,0,0,0.2)&#8220;][et_pb_blurb title=&#8220;Bassano del Grappa Gef\u00fchrte Besichtigung&#8220; image=&#8220;https:\/\/trip2prosecco.com\/wp-content\/uploads\/2016\/05\/bassano_del_grappa-1.jpg&#8220; alt=&#8220;Treviso&#8220; module_class=&#8220;visite-home&#8220; _builder_version=&#8220;4.9.4&#8243; _dynamic_attributes=&#8220;link_option_url&#8220; header_level=&#8220;h3&#8243; header_font=&#8220;|||on|||||&#8220; header_text_align=&#8220;center&#8220; header_font_size=&#8220;12px&#8220; animation=&#8220;off&#8220; link_option_url=&#8220;@ET-DC@eyJkeW5hbWljIjp0cnVlLCJjb250ZW50IjoicG9zdF9saW5rX3VybF9wb3N0Iiwic2V0dGluZ3MiOnsicG9zdF9pZCI6IjQ2OSJ9fQ==@&#8220; custom_css_blurb_image=&#8220;margin-bottom: 10px;&#8220; image__hover_enabled=&#8220;off|hover&#8220;][\/et_pb_blurb][\/et_pb_column][et_pb_column type=&#8220;1_6&#8243; _builder_version=&#8220;4.4.9&#8243; custom_padding=&#8220;||0px||false|false&#8220; border_width_bottom=&#8220;1px&#8220; border_color_bottom=&#8220;rgba(0,0,0,0.2)&#8220;][et_pb_blurb title=&#8220;Marostica Gef\u00fchrte Besichtigung&#8220; image=&#8220;https:\/\/trip2prosecco.com\/wp-content\/uploads\/2016\/03\/marostica-1.jpg&#8220; alt=&#8220;asolo&#8220; module_class=&#8220;visite-home&#8220; _builder_version=&#8220;4.9.4&#8243; _dynamic_attributes=&#8220;link_option_url&#8220; header_level=&#8220;h3&#8243; header_font=&#8220;|||on|||||&#8220; header_text_align=&#8220;center&#8220; header_font_size=&#8220;12px&#8220; animation=&#8220;off&#8220; link_option_url=&#8220;@ET-DC@eyJkeW5hbWljIjp0cnVlLCJjb250ZW50IjoicG9zdF9saW5rX3VybF9wb3N0Iiwic2V0dGluZ3MiOnsicG9zdF9pZCI6IjQ3MCJ9fQ==@&#8220; custom_css_blurb_image=&#8220;margin-bottom: 10px;&#8220; image__hover_enabled=&#8220;off|hover&#8220;][\/et_pb_blurb][\/et_pb_column][et_pb_column type=&#8220;1_6&#8243; _builder_version=&#8220;4.4.9&#8243; custom_padding=&#8220;||0px||false|false&#8220; border_width_bottom=&#8220;1px&#8220; border_color_bottom=&#8220;rgba(0,0,0,0.2)&#8220;][et_pb_blurb title=&#8220;Brentakanal&#8220; image=&#8220;https:\/\/trip2prosecco.com\/wp-content\/uploads\/2016\/02\/villa-pisani-1.jpg&#8220; alt=&#8220;venetian villas&#8220; module_class=&#8220;visite-home&#8220; _builder_version=&#8220;4.9.4&#8243; _dynamic_attributes=&#8220;link_option_url&#8220; header_level=&#8220;h3&#8243; header_font=&#8220;|||on|||||&#8220; header_text_align=&#8220;center&#8220; header_font_size=&#8220;12px&#8220; animation=&#8220;off&#8220; link_option_url=&#8220;@ET-DC@eyJkeW5hbWljIjp0cnVlLCJjb250ZW50IjoicG9zdF9saW5rX3VybF9wb3N0Iiwic2V0dGluZ3MiOnsicG9zdF9pZCI6Ijg2MCJ9fQ==@&#8220; custom_css_blurb_image=&#8220;margin-bottom: 10px;&#8220; image__hover_enabled=&#8220;off|hover&#8220;][\/et_pb_blurb][\/et_pb_column][\/et_pb_row][\/et_pb_section][et_pb_section fb_built=&#8220;1&#8243; admin_label=&#8220; Kontaktformular&#8220; _builder_version=&#8220;4.7.2&#8243; background_color=&#8220;rgba(0,0,0,0.7)&#8220; custom_margin=&#8220;80px||0px||false|false&#8220; custom_padding=&#8220;10px||0px||false|false&#8220; global_module=&#8220;3535&#8243; saved_tabs=&#8220;all&#8220; collapsed=&#8220;off&#8220;][et_pb_row column_structure=&#8220;2_5,3_5&#8243; admin_label=&#8220;Zeile&#8220; _builder_version=&#8220;4.9.4&#8243; collapsed=&#8220;on&#8220;][et_pb_column type=&#8220;2_5&#8243; _builder_version=&#8220;4.9.4&#8243;][et_pb_text _builder_version=&#8220;4.9.4&#8243; header_font=&#8220;|||on|||||&#8220; header_font_size=&#8220;22px&#8220; background_layout=&#8220;dark&#8220;]<\/p>\n<h1>ANFRAGE<\/h1>\n<p>[\/et_pb_text][et_pb_text _builder_version=&#8220;4.6.6&#8243; text_font=&#8220;Montserrat||||||||&#8220; text_font_size=&#8220;16px&#8220; link_font_size=&#8220;13px&#8220; header_4_font=&#8220;|||on|||||&#8220; header_4_text_color=&#8220;rgba(255,255,255,0.6)&#8220; header_4_font_size=&#8220;10px&#8220; background_layout=&#8220;dark&#8220; custom_margin=&#8220;||50px||false|false&#8220;]<\/p>\n<table class=\"recapiti\">\n<tbody>\n<tr>\n<th rowspan=\"2\"><i class=\"fa fa-2x fa-fw fa-phone-square-alt\"><\/i><\/th>\n<td>\n<h4>Telefon<\/h4>\n<\/td>\n<\/tr>\n<tr>\n<td><a href=\"tel:+393479927446\">+39 347 992 7446<\/a><\/td>\n<\/tr>\n<\/tbody>\n<\/table>\n<p>[\/et_pb_text][et_pb_text _builder_version=&#8220;4.7.2&#8243; text_font=&#8220;Montserrat||||||||&#8220; text_font_size=&#8220;16px&#8220; link_font_size=&#8220;13px&#8220; header_4_font=&#8220;|||on|||||&#8220; header_4_text_color=&#8220;rgba(255,255,255,0.6)&#8220; header_4_font_size=&#8220;10px&#8220; background_layout=&#8220;dark&#8220; custom_margin=&#8220;||50px||false|false&#8220;]<\/p>\n<table class=\"recapiti\">\n<tbody>\n<tr>\n<th rowspan=\"2\"><i class=\"fab fa-fw fa-2x fa-whatsapp\"><\/i><\/th>\n<td>\n<h4>Whatsapp<\/h4>\n<\/td>\n<\/tr>\n<tr>\n<td><a href=\"https:\/\/wa.me\/393479927446\" target=\"_blank\" rel=\"noopener noreferrer\">+39 347 992 7446<\/a><\/td>\n<\/tr>\n<\/tbody>\n<\/table>\n<p>[\/et_pb_text][et_pb_text _builder_version=&#8220;4.7.4&#8243; text_font=&#8220;Montserrat||||||||&#8220; text_font_size=&#8220;16px&#8220; link_font_size=&#8220;13px&#8220; header_4_font=&#8220;|||on|||||&#8220; header_4_text_color=&#8220;rgba(255,255,255,0.6)&#8220; header_4_font_size=&#8220;10px&#8220; background_layout=&#8220;dark&#8220; custom_margin=&#8220;||50px||false|false&#8220;]<\/p>\n<table class=\"recapiti\">\n<tbody>\n<tr>\n<th rowspan=\"2\"><i class=\"fa fa-2x fa-fw fa-envelope\"><\/i><\/th>\n<td>\n<h4>Email Adresse<\/h4>\n<\/td>\n<\/tr>\n<tr>\n<td><a href=\"mailto:info.artwinetravel@gmail.com\">info.artwinetravel@gmail.com<\/a><\/td>\n<\/tr>\n<\/tbody>\n<\/table>\n<p>&nbsp;<\/p>\n<p>[\/et_pb_text][\/et_pb_column][et_pb_column type=&#8220;3_5&#8243; _builder_version=&#8220;4.4.9&#8243;][et_pb_text _builder_version=&#8220;4.9.4&#8243; width=&#8220;100%&#8220;]<\/p>\n\n<div class=\"wpcf7 no-js\" id=\"wpcf7-f3537-o1\" lang=\"it-IT\" dir=\"ltr\" data-wpcf7-id=\"3537\">\n<div class=\"screen-reader-response\"><p role=\"status\" aria-live=\"polite\" aria-atomic=\"true\"><\/p> <ul><\/ul><\/div>\n<form action=\"\/de\/wp-json\/wp\/v2\/pages\/2997#wpcf7-f3537-o1\" method=\"post\" class=\"wpcf7-form init\" aria-label=\"Modulo di contatto\" novalidate=\"novalidate\" data-status=\"init\">\n<fieldset class=\"hidden-fields-container\"><input type=\"hidden\" name=\"_wpcf7\" value=\"3537\" \/><input type=\"hidden\" name=\"_wpcf7_version\" value=\"6.1.5\" \/><input type=\"hidden\" name=\"_wpcf7_locale\" value=\"it_IT\" \/><input type=\"hidden\" name=\"_wpcf7_unit_tag\" value=\"wpcf7-f3537-o1\" \/><input type=\"hidden\" name=\"_wpcf7_container_post\" value=\"0\" \/><input type=\"hidden\" name=\"_wpcf7_posted_data_hash\" value=\"\" \/><input type=\"hidden\" name=\"_wpcf7_recaptcha_response\" value=\"\" \/>\n<\/fieldset>\n<div class=\"get-in-touch\">\n\t<p class=\"contact_field contact_field_half\"><span class=\"wpcf7-form-control-wrap\" data-name=\"nome\"><input size=\"40\" maxlength=\"400\" class=\"wpcf7-form-control wpcf7-text wpcf7-validates-as-required\" aria-required=\"true\" aria-invalid=\"false\" placeholder=\"VORNAME*\" value=\"\" type=\"text\" name=\"nome\" \/><\/span>\n\t<\/p>\n\t<p class=\"contact_field contact_field_half\"><span class=\"wpcf7-form-control-wrap\" data-name=\"cognome\"><input size=\"40\" maxlength=\"400\" class=\"wpcf7-form-control wpcf7-text wpcf7-validates-as-required\" aria-required=\"true\" aria-invalid=\"false\" placeholder=\"NACHNAME*\" value=\"\" type=\"text\" name=\"cognome\" \/><\/span>\n\t<\/p>\n\t<p class=\"contact_field\"><span class=\"wpcf7-form-control-wrap\" data-name=\"email\"><input size=\"40\" maxlength=\"400\" class=\"wpcf7-form-control wpcf7-email wpcf7-validates-as-required wpcf7-text wpcf7-validates-as-email\" aria-required=\"true\" aria-invalid=\"false\" placeholder=\"E-MAIL ADRESSE*\" value=\"\" type=\"email\" name=\"email\" \/><\/span>\n\t<\/p>\n\t<p class=\"contact_field\"><span class=\"wpcf7-form-control-wrap\" data-name=\"your-message\"><textarea cols=\"40\" rows=\"10\" maxlength=\"2000\" class=\"wpcf7-form-control wpcf7-textarea wpcf7-validates-as-required\" aria-required=\"true\" aria-invalid=\"false\" placeholder=\"NACHRICHT*\" name=\"your-message\"><\/textarea><\/span>\n\t<\/p>\n\t<p class=\"contact_field touch\" style=\"text-align:center;\"><a href=\"\/de\/datenschutzerklaerung\/\" target=\"_blank\">DATENSCHUTZERKL\u00c4RUNG UND STORNOBEDINGUNGEN LESEN<\/a>\n\t<\/p>\n\t<p class=\"contact_field\"><span class=\"wpcf7-form-control-wrap\" data-name=\"privacy\"><span class=\"wpcf7-form-control wpcf7-acceptance optional\"><span class=\"wpcf7-list-item\"><label><input type=\"checkbox\" name=\"privacy\" value=\"1\" aria-invalid=\"false\" \/><span class=\"wpcf7-list-item-label\">Ich habe die Datenschutzerkl\u00e4rung gelesen und akzeptiere Sie.<\/span><\/label><\/span><\/span><\/span>\n\t<\/p>\n\t<p class=\"contact_field\" style=\"text-align:center;\"><button type=\"submit\" class=\"et_pb_contact_submit et_pb_button\">Senden<br \/>\n<\/button>\n\t<\/p>\n<\/div><div class=\"wpcf7-response-output\" aria-hidden=\"true\"><\/div>\n<\/form>\n<\/div>\n\n<p>[\/et_pb_text][\/et_pb_column][\/et_pb_row][\/et_pb_section]<\/p>\n","protected":false},"excerpt":{"rendered":"<p>F\u00dcHRUNGENHier sind einige Vorschl\u00e4ge f\u00fcr eine interessante F\u00fchrung in Treviso und Umgebungen und in Venetien. F\u00fcr Gruppen stellt Vox Connect die intelligente Smartphone-F\u00fchrung dar. Es handelt sich um eine hochentwickelte App, die Reiseleiter und ihre Gruppen drahtlos miteinander verbindet. Die App ist ein kostenloser Download \u00a0und ist einfach einzurichten und zu verwenden. Sie verwandelt das [&hellip;]<\/p>\n","protected":false},"author":1,"featured_media":0,"parent":0,"menu_order":0,"comment_status":"closed","ping_status":"closed","template":"","meta":{"_et_pb_use_builder":"on","_et_pb_old_content":"[vc_row is_container=\"yes\" css=\".vc_custom_1467732087660{padding-top: 30px !important;}\"][vc_column][vc_column_text]\r\n<div class=\"main_title\">\r\n<h2>Cosa vedere in Veneto<\/h2>\r\nAlcuni consigli su cosa vedere in Veneto, la nostra bellissima regione.\r\n\r\n<\/div>\r\n[\/vc_column_text][vc_basic_grid post_type=\"ids\" style=\"lazy\" items_per_page=\"21\" item=\"basicGrid_VerticalFlip\" grid_id=\"vc_gid:1484822002165-8528576d-22db-3\" include=\"460, 461, 462, 848, 467, 469, 468, 470, 860\"][\/vc_column][\/vc_row]","_et_gb_content_width":"","inline_featured_image":false,"iawp_total_views":81,"footnotes":""},"class_list":["post-2997","page","type-page","status-publish","hentry"],"yoast_head":"<!-- This site is optimized with the Yoast SEO plugin v27.4 - https:\/\/yoast.com\/product\/yoast-seo-wordpress\/ -->\n<title>Cosa vedere in Veneto - migliori attrazioni e cosa vedere in Veneto<\/title>\n<meta name=\"description\" content=\"Il Best of Veneto, ovvero cosa vedere in Veneto: citt\u00e0 d&#039;arte, visite guidate, degustazione vini, tour in bici, ville venete, cicchetti, tour del Prosecco.\" \/>\n<meta name=\"robots\" content=\"index, follow, max-snippet:-1, max-image-preview:large, max-video-preview:-1\" \/>\n<link rel=\"canonical\" href=\"https:\/\/trip2prosecco.com\/de\/visite-guidate\/\" \/>\n<meta property=\"og:locale\" content=\"de_DE\" \/>\n<meta property=\"og:type\" content=\"article\" \/>\n<meta property=\"og:title\" content=\"Cosa vedere in Veneto - migliori attrazioni e cosa vedere in Veneto\" \/>\n<meta property=\"og:description\" content=\"Il Best of Veneto, ovvero cosa vedere in Veneto: citt\u00e0 d&#039;arte, visite guidate, degustazione vini, tour in bici, ville venete, cicchetti, tour del Prosecco.\" \/>\n<meta property=\"og:url\" content=\"https:\/\/trip2prosecco.com\/de\/visite-guidate\/\" \/>\n<meta property=\"og:site_name\" content=\"Trip2Prosecco\" \/>\n<meta property=\"article:modified_time\" content=\"2021-05-24T12:21:28+00:00\" \/>\n<meta name=\"twitter:card\" content=\"summary_large_image\" \/>\n<meta name=\"twitter:label1\" content=\"Gesch\u00e4tzte Lesezeit\" \/>\n\t<meta name=\"twitter:data1\" content=\"7\u00a0Minuten\" \/>\n<script type=\"application\/ld+json\" class=\"yoast-schema-graph\">{\"@context\":\"https:\\\/\\\/schema.org\",\"@graph\":[{\"@type\":\"WebPage\",\"@id\":\"https:\\\/\\\/trip2prosecco.com\\\/de\\\/visite-guidate\\\/\",\"url\":\"https:\\\/\\\/trip2prosecco.com\\\/de\\\/visite-guidate\\\/\",\"name\":\"Cosa vedere in Veneto - migliori attrazioni e cosa vedere in Veneto\",\"isPartOf\":{\"@id\":\"https:\\\/\\\/trip2prosecco.com\\\/de\\\/#website\"},\"datePublished\":\"2015-10-02T13:30:03+00:00\",\"dateModified\":\"2021-05-24T12:21:28+00:00\",\"description\":\"Il Best of Veneto, ovvero cosa vedere in Veneto: citt\u00e0 d'arte, visite guidate, degustazione vini, tour in bici, ville venete, cicchetti, tour del Prosecco.\",\"breadcrumb\":{\"@id\":\"https:\\\/\\\/trip2prosecco.com\\\/de\\\/visite-guidate\\\/#breadcrumb\"},\"inLanguage\":\"de\",\"potentialAction\":[{\"@type\":\"ReadAction\",\"target\":[\"https:\\\/\\\/trip2prosecco.com\\\/de\\\/visite-guidate\\\/\"]}]},{\"@type\":\"BreadcrumbList\",\"@id\":\"https:\\\/\\\/trip2prosecco.com\\\/de\\\/visite-guidate\\\/#breadcrumb\",\"itemListElement\":[{\"@type\":\"ListItem\",\"position\":1,\"name\":\"Home\",\"item\":\"https:\\\/\\\/trip2prosecco.com\\\/de\\\/\"},{\"@type\":\"ListItem\",\"position\":2,\"name\":\"Stadtf\u00fchrungen\"}]},{\"@type\":\"WebSite\",\"@id\":\"https:\\\/\\\/trip2prosecco.com\\\/de\\\/#website\",\"url\":\"https:\\\/\\\/trip2prosecco.com\\\/de\\\/\",\"name\":\"Trip2Prosecco\",\"description\":\"ArtWineTravel diwine experience\",\"potentialAction\":[{\"@type\":\"SearchAction\",\"target\":{\"@type\":\"EntryPoint\",\"urlTemplate\":\"https:\\\/\\\/trip2prosecco.com\\\/de\\\/?s={search_term_string}\"},\"query-input\":{\"@type\":\"PropertyValueSpecification\",\"valueRequired\":true,\"valueName\":\"search_term_string\"}}],\"inLanguage\":\"de\"}]}<\/script>\n<!-- \/ Yoast SEO plugin. -->","yoast_head_json":{"title":"Cosa vedere in Veneto - migliori attrazioni e cosa vedere in Veneto","description":"Il Best of Veneto, ovvero cosa vedere in Veneto: citt\u00e0 d'arte, visite guidate, degustazione vini, tour in bici, ville venete, cicchetti, tour del Prosecco.","robots":{"index":"index","follow":"follow","max-snippet":"max-snippet:-1","max-image-preview":"max-image-preview:large","max-video-preview":"max-video-preview:-1"},"canonical":"https:\/\/trip2prosecco.com\/de\/visite-guidate\/","og_locale":"de_DE","og_type":"article","og_title":"Cosa vedere in Veneto - migliori attrazioni e cosa vedere in Veneto","og_description":"Il Best of Veneto, ovvero cosa vedere in Veneto: citt\u00e0 d'arte, visite guidate, degustazione vini, tour in bici, ville venete, cicchetti, tour del Prosecco.","og_url":"https:\/\/trip2prosecco.com\/de\/visite-guidate\/","og_site_name":"Trip2Prosecco","article_modified_time":"2021-05-24T12:21:28+00:00","twitter_card":"summary_large_image","twitter_misc":{"Gesch\u00e4tzte Lesezeit":"7\u00a0Minuten"},"schema":{"@context":"https:\/\/schema.org","@graph":[{"@type":"WebPage","@id":"https:\/\/trip2prosecco.com\/de\/visite-guidate\/","url":"https:\/\/trip2prosecco.com\/de\/visite-guidate\/","name":"Cosa vedere in Veneto - migliori attrazioni e cosa vedere in Veneto","isPartOf":{"@id":"https:\/\/trip2prosecco.com\/de\/#website"},"datePublished":"2015-10-02T13:30:03+00:00","dateModified":"2021-05-24T12:21:28+00:00","description":"Il Best of Veneto, ovvero cosa vedere in Veneto: citt\u00e0 d'arte, visite guidate, degustazione vini, tour in bici, ville venete, cicchetti, tour del Prosecco.","breadcrumb":{"@id":"https:\/\/trip2prosecco.com\/de\/visite-guidate\/#breadcrumb"},"inLanguage":"de","potentialAction":[{"@type":"ReadAction","target":["https:\/\/trip2prosecco.com\/de\/visite-guidate\/"]}]},{"@type":"BreadcrumbList","@id":"https:\/\/trip2prosecco.com\/de\/visite-guidate\/#breadcrumb","itemListElement":[{"@type":"ListItem","position":1,"name":"Home","item":"https:\/\/trip2prosecco.com\/de\/"},{"@type":"ListItem","position":2,"name":"Stadtf\u00fchrungen"}]},{"@type":"WebSite","@id":"https:\/\/trip2prosecco.com\/de\/#website","url":"https:\/\/trip2prosecco.com\/de\/","name":"Trip2Prosecco","description":"ArtWineTravel diwine experience","potentialAction":[{"@type":"SearchAction","target":{"@type":"EntryPoint","urlTemplate":"https:\/\/trip2prosecco.com\/de\/?s={search_term_string}"},"query-input":{"@type":"PropertyValueSpecification","valueRequired":true,"valueName":"search_term_string"}}],"inLanguage":"de"}]}},"_links":{"self":[{"href":"https:\/\/trip2prosecco.com\/de\/wp-json\/wp\/v2\/pages\/2997","targetHints":{"allow":["GET"]}}],"collection":[{"href":"https:\/\/trip2prosecco.com\/de\/wp-json\/wp\/v2\/pages"}],"about":[{"href":"https:\/\/trip2prosecco.com\/de\/wp-json\/wp\/v2\/types\/page"}],"author":[{"embeddable":true,"href":"https:\/\/trip2prosecco.com\/de\/wp-json\/wp\/v2\/users\/1"}],"replies":[{"embeddable":true,"href":"https:\/\/trip2prosecco.com\/de\/wp-json\/wp\/v2\/comments?post=2997"}],"version-history":[{"count":4,"href":"https:\/\/trip2prosecco.com\/de\/wp-json\/wp\/v2\/pages\/2997\/revisions"}],"predecessor-version":[{"id":4516,"href":"https:\/\/trip2prosecco.com\/de\/wp-json\/wp\/v2\/pages\/2997\/revisions\/4516"}],"wp:attachment":[{"href":"https:\/\/trip2prosecco.com\/de\/wp-json\/wp\/v2\/media?parent=2997"}],"curies":[{"name":"wp","href":"https:\/\/api.w.org\/{rel}","templated":true}]}}